{"id":9,"date":"2021-08-18T18:18:05","date_gmt":"2021-08-18T18:18:05","guid":{"rendered":"https:\/\/www.grupoalomx.com\/?page_id=9"},"modified":"2022-04-07T13:23:58","modified_gmt":"2022-04-07T13:23:58","slug":"acerca-de","status":"publish","type":"page","link":"https:\/\/www.grupoalomx.com\/index.php\/acerca-de\/","title":{"rendered":"\u00bfQu\u00e9 ofrecemos?"},"content":{"rendered":"<p>[et_pb_section fb_built=\u00bb1&#8243; _builder_version=\u00bb4.16.1&#8243; _module_preset=\u00bbdefault\u00bb background_enable_color=\u00bboff\u00bb background_image=\u00bbhttps:\/\/www.grupoalomx.com\/wp-content\/uploads\/2022\/04\/pexels-photoscom-93398-scaled.jpg\u00bb background_size=\u00bbcontain\u00bb background_position=\u00bbtop_right\u00bb background_enable_mask_style=\u00bbon\u00bb background_mask_style=\u00bbcaret\u00bb background_mask_color=\u00bb#0C71C3&#8243; background_mask_aspect_ratio=\u00bbsquare\u00bb global_colors_info=\u00bb{}\u00bb theme_builder_area=\u00bbpost_content\u00bb][et_pb_row _builder_version=\u00bb4.16.1&#8243; _module_preset=\u00bbdefault\u00bb global_colors_info=\u00bb{}\u00bb theme_builder_area=\u00bbpost_content\u00bb][et_pb_column type=\u00bb4_4&#8243; _builder_version=\u00bb4.16.1&#8243; _module_preset=\u00bbdefault\u00bb global_colors_info=\u00bb{}\u00bb theme_builder_area=\u00bbpost_content\u00bb][et_pb_text _builder_version=\u00bb4.16.1&#8243; _module_preset=\u00bbdefault\u00bb text_font=\u00bbABeeZee||||||||\u00bb background_layout=\u00bbdark\u00bb hover_enabled=\u00bb0&#8243; global_colors_info=\u00bb{}\u00bb theme_builder_area=\u00bbpost_content\u00bb sticky_enabled=\u00bb0&#8243; text_font_size=\u00bb50px\u00bb]<\/p>\n<p style=\"text-align: center;\"><strong>\u00bfQu\u00e9 ofrecemos?<\/strong><\/p>\n<p>[\/et_pb_text][\/et_pb_column][\/et_pb_row][et_pb_row column_structure=\u00bb2_5,3_5&#8243; _builder_version=\u00bb4.16.1&#8243; _module_preset=\u00bbdefault\u00bb custom_padding=\u00bb||3px|||\u00bb global_colors_info=\u00bb{}\u00bb theme_builder_area=\u00bbpost_content\u00bb][et_pb_column type=\u00bb2_5&#8243; _builder_version=\u00bb4.16.1&#8243; _module_preset=\u00bbdefault\u00bb global_colors_info=\u00bb{}\u00bb theme_builder_area=\u00bbpost_content\u00bb][et_pb_text _builder_version=\u00bb4.16.1&#8243; _module_preset=\u00bbdefault\u00bb text_text_color=\u00bb#FFFFFF\u00bb text_font_size=\u00bb16px\u00bb hover_enabled=\u00bb0&#8243; global_colors_info=\u00bb{}\u00bb theme_builder_area=\u00bbpost_content\u00bb sticky_enabled=\u00bb0&#8243;]<\/p>\n<ul>\n<li>Ofrecemos cobertura en todo el territorio nacional, Norte Am\u00e9rica y Canad\u00e1, teniendo alianzas con l\u00edneas que nos permiten ofrecer servicios de calidad y satisfacci\u00f3n total.<\/li>\n<\/ul>\n<p>[\/et_pb_text][\/et_pb_column][et_pb_column type=\u00bb3_5&#8243; _builder_version=\u00bb4.16.1&#8243; _module_preset=\u00bbdefault\u00bb global_colors_info=\u00bb{}\u00bb theme_builder_area=\u00bbpost_content\u00bb][\/et_pb_column][\/et_pb_row][et_pb_row _builder_version=\u00bb4.16.1&#8243; _module_preset=\u00bbdefault\u00bb column_structure=\u00bb1_3,1_3,1_3&#8243; theme_builder_area=\u00bbpost_content\u00bb custom_margin=\u00bb|auto|352px|auto||\u00bb][et_pb_column _builder_version=\u00bb4.16.1&#8243; _module_preset=\u00bbdefault\u00bb type=\u00bb1_3&#8243; theme_builder_area=\u00bbpost_content\u00bb][et_pb_image src=\u00bbhttps:\/\/www.grupoalomx.com\/wp-content\/uploads\/2022\/04\/46578-camiones.jpg\u00bb _builder_version=\u00bb4.16.1&#8243; _module_preset=\u00bbdefault\u00bb theme_builder_area=\u00bbpost_content\u00bb title_text=\u00bb46578-camiones\u00bb border_radii=\u00bbon|7px|7px|7px|7px\u00bb border_width_all=\u00bb5px\u00bb border_color_all=\u00bb#FFFFFF\u00bb box_shadow_style=\u00bbpreset2&#8243; hover_enabled=\u00bb0&#8243; sticky_enabled=\u00bb0&#8243;][\/et_pb_image][et_pb_text _builder_version=\u00bb4.16.1&#8243; _module_preset=\u00bbdefault\u00bb theme_builder_area=\u00bbpost_content\u00bb text_text_color=\u00bb#FFFFFF\u00bb text_orientation=\u00bbcenter\u00bb text_font=\u00bbAlatsi||||||||\u00bb text_font_size=\u00bb21px\u00bb hover_enabled=\u00bb0&#8243; sticky_enabled=\u00bb0&#8243; transform_translate_linked=\u00bboff\u00bb transform_translate=\u00bb0px|-19px\u00bb]<\/p>\n<p>Transporte Terrestre<\/p>\n<p>[\/et_pb_text][\/et_pb_column][et_pb_column _builder_version=\u00bb4.16.1&#8243; _module_preset=\u00bbdefault\u00bb type=\u00bb1_3&#8243; theme_builder_area=\u00bbpost_content\u00bb][et_pb_image src=\u00bbhttps:\/\/www.grupoalomx.com\/wp-content\/uploads\/2022\/04\/plan-the-arrangement-of-pallets-on-truck.png\u00bb _builder_version=\u00bb4.16.1&#8243; _module_preset=\u00bbdefault\u00bb theme_builder_area=\u00bbpost_content\u00bb title_text=\u00bbplan-the-arrangement-of-pallets-on-truck\u00bb border_radii=\u00bbon|7px|7px|7px|7px\u00bb border_width_all=\u00bb5px\u00bb border_color_all=\u00bb#FFFFFF\u00bb box_shadow_style=\u00bbpreset2&#8243; hover_enabled=\u00bb0&#8243; sticky_enabled=\u00bb0&#8243; width=\u00bb100%\u00bb max_width=\u00bb100%\u00bb transform_translate=\u00bb0px|173px\u00bb][\/et_pb_image][et_pb_text _builder_version=\u00bb4.16.1&#8243; _module_preset=\u00bbdefault\u00bb theme_builder_area=\u00bbpost_content\u00bb text_text_color=\u00bb#FFFFFF\u00bb text_orientation=\u00bbcenter\u00bb text_font=\u00bbAlatsi||||||||\u00bb text_font_size=\u00bb21px\u00bb hover_enabled=\u00bb0&#8243; sticky_enabled=\u00bb0&#8243; transform_translate_linked=\u00bboff\u00bb transform_translate=\u00bb0px|149px\u00bb]<\/p>\n<p>Transporte Terrestre<\/p>\n<p>[\/et_pb_text][\/et_pb_column][et_pb_column _builder_version=\u00bb4.16.1&#8243; _module_preset=\u00bbdefault\u00bb type=\u00bb1_3&#8243; theme_builder_area=\u00bbpost_content\u00bb][et_pb_image src=\u00bbhttps:\/\/www.grupoalomx.com\/wp-content\/uploads\/2022\/04\/46578-camiones.jpg\u00bb _builder_version=\u00bb4.16.1&#8243; _module_preset=\u00bbdefault\u00bb theme_builder_area=\u00bbpost_content\u00bb title_text=\u00bb46578-camiones\u00bb border_radii=\u00bbon|7px|7px|7px|7px\u00bb border_width_all=\u00bb5px\u00bb border_color_all=\u00bb#FFFFFF\u00bb box_shadow_style=\u00bbpreset2&#8243; hover_enabled=\u00bb0&#8243; sticky_enabled=\u00bb0&#8243; transform_translate_linked=\u00bboff\u00bb transform_translate=\u00bb0px|254px\u00bb][\/et_pb_image][et_pb_text _builder_version=\u00bb4.16.1&#8243; _module_preset=\u00bbdefault\u00bb theme_builder_area=\u00bbpost_content\u00bb text_text_color=\u00bb#FFFFFF\u00bb text_orientation=\u00bbcenter\u00bb text_font=\u00bbAlatsi||||||||\u00bb text_font_size=\u00bb21px\u00bb hover_enabled=\u00bb0&#8243; sticky_enabled=\u00bb0&#8243; transform_translate_linked=\u00bboff\u00bb transform_translate=\u00bb0px|230px\u00bb]<\/p>\n<p>Transporte Terrestre<\/p>\n<p>[\/et_pb_text][\/et_pb_column][\/et_pb_row][\/et_pb_section]<\/p>\n","protected":false},"excerpt":{"rendered":"<p>\u00bfQu\u00e9 ofrecemos? Ofrecemos cobertura en todo el territorio nacional, Norte Am\u00e9rica y Canad\u00e1, teniendo alianzas con l\u00edneas que nos permiten ofrecer servicios de calidad y satisfacci\u00f3n total. Transporte TerrestreTransporte TerrestreTransporte Terrestre<\/p>\n","protected":false},"author":1,"featured_media":6,"parent":0,"menu_order":0,"comment_status":"closed","ping_status":"closed","template":"","meta":{"_et_pb_use_builder":"on","_et_pb_old_content":"<!-- wp:paragraph -->\n<p>Puedes ser un artista que quiere presentarse a s\u00ed mismo y a su trabajo o un negocio con un objetivo que describir.<\/p>\n<!-- \/wp:paragraph -->","_et_gb_content_width":"","footnotes":""},"class_list":["post-9","page","type-page","status-publish","has-post-thumbnail","hentry"],"_links":{"self":[{"href":"https:\/\/www.grupoalomx.com\/index.php\/wp-json\/wp\/v2\/pages\/9","targetHints":{"allow":["GET"]}}],"collection":[{"href":"https:\/\/www.grupoalomx.com\/index.php\/wp-json\/wp\/v2\/pages"}],"about":[{"href":"https:\/\/www.grupoalomx.com\/index.php\/wp-json\/wp\/v2\/types\/page"}],"author":[{"embeddable":true,"href":"https:\/\/www.grupoalomx.com\/index.php\/wp-json\/wp\/v2\/users\/1"}],"replies":[{"embeddable":true,"href":"https:\/\/www.grupoalomx.com\/index.php\/wp-json\/wp\/v2\/comments?post=9"}],"version-history":[{"count":5,"href":"https:\/\/www.grupoalomx.com\/index.php\/wp-json\/wp\/v2\/pages\/9\/revisions"}],"predecessor-version":[{"id":99,"href":"https:\/\/www.grupoalomx.com\/index.php\/wp-json\/wp\/v2\/pages\/9\/revisions\/99"}],"wp:featuredmedia":[{"embeddable":true,"href":"https:\/\/www.grupoalomx.com\/index.php\/wp-json\/wp\/v2\/media\/6"}],"wp:attachment":[{"href":"https:\/\/www.grupoalomx.com\/index.php\/wp-json\/wp\/v2\/media?parent=9"}],"curies":[{"name":"wp","href":"https:\/\/api.w.org\/{rel}","templated":true}]}}