{"id":82,"date":"2022-04-07T12:49:12","date_gmt":"2022-04-07T12:49:12","guid":{"rendered":"https:\/\/www.grupoalomx.com\/?page_id=82"},"modified":"2022-04-07T12:52:25","modified_gmt":"2022-04-07T12:52:25","slug":"quienes-somos","status":"publish","type":"page","link":"https:\/\/www.grupoalomx.com\/index.php\/quienes-somos\/","title":{"rendered":"\u00bfQuienes Somos?"},"content":{"rendered":"\n[et_pb_section fb_built=\u00bb1&#8243; theme_builder_area=\u00bbpost_content\u00bb _builder_version=\u00bb4.16.1&#8243; _module_preset=\u00bbdefault\u00bb title_text=\u00bbpexels-photoscom-93398&#8243; background_image=\u00bbhttps:\/\/www.grupoalomx.com\/wp-content\/uploads\/2022\/04\/pexels-photoscom-93398-scaled.jpg\u00bb background_enable_mask_style=\u00bbon\u00bb background_mask_style=\u00bbcaret\u00bb background_mask_aspect_ratio=\u00bbsquare\u00bb background_enable_color=\u00bboff\u00bb background_mask_color=\u00bb#0C71C3&#8243; hover_enabled=\u00bb0&#8243; sticky_enabled=\u00bb0&#8243; background_size=\u00bbcontain\u00bb background_position=\u00bbtop_right\u00bb][et_pb_row _builder_version=\u00bb4.16.1&#8243; _module_preset=\u00bbdefault\u00bb theme_builder_area=\u00bbpost_content\u00bb][et_pb_column _builder_version=\u00bb4.16.1&#8243; _module_preset=\u00bbdefault\u00bb type=\u00bb4_4&#8243; theme_builder_area=\u00bbpost_content\u00bb][et_pb_text _builder_version=\u00bb4.16.1&#8243; _module_preset=\u00bbdefault\u00bb theme_builder_area=\u00bbpost_content\u00bb hover_enabled=\u00bb0&#8243; sticky_enabled=\u00bb0&#8243; text_font=\u00bbABeeZee||||||||\u00bb background_layout=\u00bbdark\u00bb]<h1 style=\"text-align: center;\"><strong>\u00bfQUIENES SOMOS?<\/strong><\/h1>[\/et_pb_text][\/et_pb_column][\/et_pb_row][et_pb_row _builder_version=\u00bb4.16.1&#8243; _module_preset=\u00bbdefault\u00bb column_structure=\u00bb2_5,3_5&#8243; theme_builder_area=\u00bbpost_content\u00bb custom_padding=\u00bb||127px|||\u00bb][et_pb_column _builder_version=\u00bb4.16.1&#8243; _module_preset=\u00bbdefault\u00bb type=\u00bb2_5&#8243; theme_builder_area=\u00bbpost_content\u00bb][et_pb_text _builder_version=\u00bb4.16.1&#8243; _module_preset=\u00bbdefault\u00bb theme_builder_area=\u00bbpost_content\u00bb hover_enabled=\u00bb0&#8243; sticky_enabled=\u00bb0&#8243; text_text_color=\u00bb#FFFFFF\u00bb text_font_size=\u00bb15px\u00bb]<ul>\n<li>Somos una organizaci\u00f3n que nacio con la uni\u00f3n del talento humano compuesto por sus socios en la que tenemos mas de 15 a\u00f1os de experiencia en el medio del transporte, identificando las necesidades actuales del mercado nacional e internacional.<\/li>\n<li>Siempre en constante an\u00e1lisis y capacitaci\u00f3n para enfrentar cada reto que conforma la cadena de suministros y la log\u00edstica que esta conlleva.<\/li>\n<li>Cada unos de los servicios que ofrecemos los hacemos personalizado, dedicando el tiempo de conocer las necesidades de nuestros clientes, presentando diversas opciones para su tranquilidad y bienestar.<\/li>\n<\/ul>[\/et_pb_text][\/et_pb_column][et_pb_column _builder_version=\u00bb4.16.1&#8243; _module_preset=\u00bbdefault\u00bb type=\u00bb3_5&#8243; theme_builder_area=\u00bbpost_content\u00bb][\/et_pb_column][\/et_pb_row][\/et_pb_section]\n","protected":false},"excerpt":{"rendered":"<p>\u00bfQUIENES SOMOS? Somos una organizaci\u00f3n que nacio con la uni\u00f3n del talento humano compuesto por sus socios en la que tenemos mas de 15 a\u00f1os de experiencia en el medio del transporte, identificando las necesidades actuales del mercado nacional e internacional. Siempre en constante an\u00e1lisis y capacitaci\u00f3n para enfrentar cada reto que conforma la cadena [&hellip;]<\/p>\n","protected":false},"author":1,"featured_media":0,"parent":0,"menu_order":0,"comment_status":"closed","ping_status":"closed","template":"","meta":{"_et_pb_use_builder":"on","_et_pb_old_content":"","_et_gb_content_width":"","footnotes":""},"class_list":["post-82","page","type-page","status-publish","hentry"],"_links":{"self":[{"href":"https:\/\/www.grupoalomx.com\/index.php\/wp-json\/wp\/v2\/pages\/82","targetHints":{"allow":["GET"]}}],"collection":[{"href":"https:\/\/www.grupoalomx.com\/index.php\/wp-json\/wp\/v2\/pages"}],"about":[{"href":"https:\/\/www.grupoalomx.com\/index.php\/wp-json\/wp\/v2\/types\/page"}],"author":[{"embeddable":true,"href":"https:\/\/www.grupoalomx.com\/index.php\/wp-json\/wp\/v2\/users\/1"}],"replies":[{"embeddable":true,"href":"https:\/\/www.grupoalomx.com\/index.php\/wp-json\/wp\/v2\/comments?post=82"}],"version-history":[{"count":6,"href":"https:\/\/www.grupoalomx.com\/index.php\/wp-json\/wp\/v2\/pages\/82\/revisions"}],"predecessor-version":[{"id":92,"href":"https:\/\/www.grupoalomx.com\/index.php\/wp-json\/wp\/v2\/pages\/82\/revisions\/92"}],"wp:attachment":[{"href":"https:\/\/www.grupoalomx.com\/index.php\/wp-json\/wp\/v2\/media?parent=82"}],"curies":[{"name":"wp","href":"https:\/\/api.w.org\/{rel}","templated":true}]}}